{"id":11,"date":"2022-11-02T23:51:08","date_gmt":"2022-11-03T04:51:08","guid":{"rendered":"https:\/\/biogasdelmeta.com\/?page_id=11"},"modified":"2023-10-27T20:07:05","modified_gmt":"2023-10-28T01:07:05","slug":"biogas-del-meta-instalacion-de-redes-de-gas-natural","status":"publish","type":"page","link":"https:\/\/biogasdelmeta.com\/","title":{"rendered":"Biogas del Meta &#8211; Reparaci\u00f3n de estufas villavicencio"},"content":{"rendered":"<p>[et_pb_section fb_built=\u00bb1&#8243; admin_label=\u00bbServices\u00bb _builder_version=\u00bb4.19.0&#8243; _module_preset=\u00bbdefault\u00bb background_color=\u00bb#F3EEE8&#8243; use_background_color_gradient=\u00bbon\u00bb background_color_gradient_stops=\u00bb#f3eee8 20%|rgba(243,238,232,0) 80%\u00bb background_color_gradient_overlays_image=\u00bbon\u00bb background_image=\u00bbhttp:\/\/biogasdelmeta.com\/wp-content\/uploads\/2022\/11\/biogas-del-llano-3.jpg\u00bb background_position=\u00bbbottom_center\u00bb custom_margin=\u00bb||||false|false\u00bb custom_padding=\u00bb||24%||false|false\u00bb collapsed=\u00bbon\u00bb global_colors_info=\u00bb{}\u00bb][et_pb_row column_structure=\u00bb1_3,1_3,1_3&#8243; custom_padding_last_edited=\u00bbon|phone\u00bb _builder_version=\u00bb4.17.6&#8243; _module_preset=\u00bbdefault\u00bb background_color=\u00bb#FFFFFF\u00bb custom_padding=\u00bb50px|50px||50px|false|true\u00bb custom_padding_tablet=\u00bb|30px|0px|30px|false|true\u00bb custom_padding_phone=\u00bb|20px|0px|20px|false|true\u00bb locked=\u00bboff\u00bb global_colors_info=\u00bb{}\u00bb][et_pb_column type=\u00bb1_3&#8243; _builder_version=\u00bb4.17.4&#8243; _module_preset=\u00bbdefault\u00bb global_colors_info=\u00bb{}\u00bb][et_pb_icon font_icon=\u00bb&#xf50a;||fa||400&#8243; icon_color=\u00bbgcid-8a62ef5c-cd04-4f8e-9b74-ac85403899e7&#8243; icon_width=\u00bb32px\u00bb align=\u00bbleft\u00bb _builder_version=\u00bb4.19.0&#8243; _module_preset=\u00bbdefault\u00bb custom_margin=\u00bb||10px||false|false\u00bb global_colors_info=\u00bb{%22gcid-8a62ef5c-cd04-4f8e-9b74-ac85403899e7%22:%91%22icon_color%22%93}\u00bb][\/et_pb_icon][et_pb_text _builder_version=\u00bb4.23&#8243; _module_preset=\u00bb4827deed-2a92-4d97-a22f-f01067ae6873&#8243; header_font=\u00bb||||||||\u00bb header_4_font=\u00bbRoboto Condensed|700||on|||||\u00bb header_4_text_color=\u00bb#0D291F\u00bb header_4_font_size=\u00bb24px\u00bb header_4_line_height=\u00bb1.4em\u00bb custom_margin=\u00bb||0px||false|false\u00bb header_4_font_size_tablet=\u00bb16px\u00bb header_4_font_size_phone=\u00bb14px\u00bb header_4_font_size_last_edited=\u00bbon|phone\u00bb global_colors_info=\u00bb{}\u00bb]<\/p>\n<h4>servicio t\u00e9nico\u00a0<\/h4>\n<p>[\/et_pb_text][et_pb_text _builder_version=\u00bb4.19.0&#8243; _module_preset=\u00bb4c43b4b6-66bf-432d-959a-705bda24a650&#8243; text_font=\u00bbRaleway|500|||||||\u00bb text_text_color=\u00bb#0D232D\u00bb text_line_height=\u00bb1.65em\u00bb header_font_size_tablet=\u00bb55px\u00bb header_font_size_last_edited=\u00bboff|desktop\u00bb global_colors_info=\u00bb{}\u00bb]<\/p>\n<ul>\n<li>T\u00e9cnicos gas natural en Villavicencio<\/li>\n<li>Instalaciones y servicio t\u00e9cnico red de gas natural<\/li>\n<li>Servicio t\u00e9cnico y reconexi\u00f3n gas natural<\/li>\n<li>T\u00e9cnicos gas domiciliario Villavicencio.<\/li>\n<li>Revisi\u00f3n de gas natural domiciliario<\/li>\n<li>Servicios e inspecci\u00f3n gas natural<\/li>\n<li>Reparaci\u00f3n de fugas<\/li>\n<li>Cambio de acometidas<\/li>\n<li>Puntos adicionales gas natural<\/li>\n<\/ul>\n<p>[\/et_pb_text][\/et_pb_column][et_pb_column type=\u00bb1_3&#8243; _builder_version=\u00bb4.17.4&#8243; _module_preset=\u00bbdefault\u00bb global_colors_info=\u00bb{}\u00bb][et_pb_icon font_icon=\u00bb&#xf794;||fa||900&#8243; icon_color=\u00bbgcid-8a62ef5c-cd04-4f8e-9b74-ac85403899e7&#8243; icon_width=\u00bb32px\u00bb align=\u00bbleft\u00bb _builder_version=\u00bb4.19.0&#8243; _module_preset=\u00bbdefault\u00bb custom_margin=\u00bb||10px||false|false\u00bb locked=\u00bboff\u00bb global_colors_info=\u00bb{%22gcid-8a62ef5c-cd04-4f8e-9b74-ac85403899e7%22:%91%22icon_color%22%93}\u00bb][\/et_pb_icon][et_pb_text _builder_version=\u00bb4.19.0&#8243; _module_preset=\u00bb4827deed-2a92-4d97-a22f-f01067ae6873&#8243; header_font=\u00bb||||||||\u00bb header_4_font=\u00bbRoboto Condensed|700||on|||||\u00bb header_4_text_color=\u00bb#0D291F\u00bb header_4_font_size=\u00bb24px\u00bb header_4_line_height=\u00bb1.4em\u00bb custom_margin=\u00bb||0px||false|false\u00bb header_4_font_size_tablet=\u00bb16px\u00bb header_4_font_size_phone=\u00bb14px\u00bb header_4_font_size_last_edited=\u00bbon|phone\u00bb locked=\u00bboff\u00bb global_colors_info=\u00bb{}\u00bb]<\/p>\n<h4>Gasodomesticos<\/h4>\n<p>[\/et_pb_text][et_pb_text _builder_version=\u00bb4.19.0&#8243; _module_preset=\u00bb4c43b4b6-66bf-432d-959a-705bda24a650&#8243; text_font=\u00bbRaleway|500|||||||\u00bb text_text_color=\u00bb#0D232D\u00bb text_line_height=\u00bb1.65em\u00bb header_font_size_tablet=\u00bb55px\u00bb header_font_size_last_edited=\u00bboff|desktop\u00bb global_colors_info=\u00bb{}\u00bb]<\/p>\n<ul>\n<li>Servicio T\u00e9cnico reparaci\u00f3n de Calentadores, Estufas, Hornos a Gas y El\u00e9ctricos.<\/li>\n<li>Mantenimiento para Gasodom\u00e9sticos<\/li>\n<li>Revisi\u00f3n y mantenimiento para calentadores.<\/li>\n<\/ul>\n<p>[\/et_pb_text][\/et_pb_column][et_pb_column type=\u00bb1_3&#8243; _builder_version=\u00bb4.17.4&#8243; _module_preset=\u00bbdefault\u00bb global_colors_info=\u00bb{}\u00bb][et_pb_icon font_icon=\u00bb&#xf2cd;||fa||900&#8243; icon_color=\u00bbgcid-67db9d37-2522-483b-a172-2c8eed4ec9b9&#8243; icon_width=\u00bb32px\u00bb align=\u00bbleft\u00bb _builder_version=\u00bb4.19.0&#8243; _module_preset=\u00bbdefault\u00bb custom_margin=\u00bb||10px||false|false\u00bb locked=\u00bboff\u00bb global_colors_info=\u00bb{%22gcid-67db9d37-2522-483b-a172-2c8eed4ec9b9%22:%91%22icon_color%22%93}\u00bb][\/et_pb_icon][et_pb_text _builder_version=\u00bb4.19.0&#8243; _module_preset=\u00bb4827deed-2a92-4d97-a22f-f01067ae6873&#8243; header_font=\u00bb||||||||\u00bb header_4_font=\u00bbRoboto Condensed|700||on|||||\u00bb header_4_text_color=\u00bb#0D291F\u00bb header_4_font_size=\u00bb24px\u00bb header_4_line_height=\u00bb1.4em\u00bb custom_margin=\u00bb||0px||false|false\u00bb header_4_font_size_tablet=\u00bb16px\u00bb header_4_font_size_phone=\u00bb14px\u00bb header_4_font_size_last_edited=\u00bbon|phone\u00bb locked=\u00bboff\u00bb global_colors_info=\u00bb{}\u00bb]<\/p>\n<h4>Profesionales<\/h4>\n<p>[\/et_pb_text][et_pb_text _builder_version=\u00bb4.19.0&#8243; _module_preset=\u00bb4c43b4b6-66bf-432d-959a-705bda24a650&#8243; text_font=\u00bbRaleway|500|||||||\u00bb text_text_color=\u00bb#0D232D\u00bb text_line_height=\u00bb1.65em\u00bb header_font_size_tablet=\u00bb55px\u00bb header_font_size_last_edited=\u00bboff|desktop\u00bb locked=\u00bboff\u00bb global_colors_info=\u00bb{}\u00bb]<\/p>\n<p>Somos T\u00e9cnicos Profesionales, en Mantenimiento y Reparaci\u00f3n de Estufas, Hornos a Gas, Calentadores a Gas, de las principales marcas:<\/p>\n<ul>\n<li>Challenger<\/li>\n<li>Haceb<\/li>\n<li>Bosch<\/li>\n<li>Cimsa<\/li>\n<li>Smartec<\/li>\n<li>General Electric<\/li>\n<li>Classic<\/li>\n<\/ul>\n<p>[\/et_pb_text][\/et_pb_column][\/et_pb_row][\/et_pb_section][et_pb_section fb_built=\u00bb1&#8243; admin_label=\u00bbPortfolio\u00bb _builder_version=\u00bb4.19.0&#8243; _module_preset=\u00bbdefault\u00bb background_enable_color=\u00bboff\u00bb collapsed=\u00bbon\u00bb global_colors_info=\u00bb{}\u00bb][et_pb_row _builder_version=\u00bb4.17.4&#8243; _module_preset=\u00bbdefault\u00bb global_colors_info=\u00bb{}\u00bb][et_pb_column type=\u00bb4_4&#8243; _builder_version=\u00bb4.17.4&#8243; _module_preset=\u00bbdefault\u00bb global_colors_info=\u00bb{}\u00bb][et_pb_text _builder_version=\u00bb4.19.0&#8243; _module_preset=\u00bbb327cbe4-b1d5-4b66-ad37-40c8f2f061ba\u00bb header_2_font=\u00bbAnton|||on|||||\u00bb header_2_text_color=\u00bb#0d232d\u00bb header_2_font_size=\u00bb70px\u00bb header_2_line_height=\u00bb1.15em\u00bb header_2_font_size_tablet=\u00bb32px\u00bb header_2_font_size_phone=\u00bb20px\u00bb header_2_font_size_last_edited=\u00bbon|phone\u00bb global_colors_info=\u00bb{}\u00bb]<\/p>\n<h2>Servicio t\u00e9cnico de estufas y hornos<\/h2>\n<p>[\/et_pb_text][\/et_pb_column][\/et_pb_row][et_pb_row column_structure=\u00bb2_5,3_5&#8243; custom_padding_last_edited=\u00bbon|tablet\u00bb _builder_version=\u00bb4.17.6&#8243; _module_preset=\u00bbdefault\u00bb custom_padding_tablet=\u00bb||0px||false|false\u00bb custom_padding_phone=\u00bb||0px||false|false\u00bb global_colors_info=\u00bb{}\u00bb][et_pb_column type=\u00bb2_5&#8243; _builder_version=\u00bb4.17.4&#8243; _module_preset=\u00bbdefault\u00bb global_colors_info=\u00bb{}\u00bb][et_pb_image src=\u00bbhttp:\/\/biogasdelmeta.com\/wp-content\/uploads\/2022\/11\/biogas-del-llano-1.jpg\u00bb title_text=\u00bbbiogas del llano (1)\u00bb _builder_version=\u00bb4.19.0&#8243; _module_preset=\u00bbdefault\u00bb global_colors_info=\u00bb{}\u00bb][\/et_pb_image][\/et_pb_column][et_pb_column type=\u00bb3_5&#8243; _builder_version=\u00bb4.17.4&#8243; _module_preset=\u00bbdefault\u00bb global_colors_info=\u00bb{}\u00bb][et_pb_icon font_icon=\u00bb&#xf06d;||fa||900&#8243; icon_color=\u00bb#000000&#8243; icon_width=\u00bb32px\u00bb align=\u00bbleft\u00bb _builder_version=\u00bb4.19.0&#8243; _module_preset=\u00bbdefault\u00bb custom_margin=\u00bb||10px||false|false\u00bb global_colors_info=\u00bb{}\u00bb][\/et_pb_icon][et_pb_text _builder_version=\u00bb4.19.0&#8243; _module_preset=\u00bb7d75fe7f-5727-495a-ac6e-57afccfd3533&#8243; header_5_font=\u00bbRoboto Condensed|700||on|||||\u00bb header_5_text_color=\u00bb#0d232d\u00bb header_5_font_size=\u00bb20px\u00bb header_5_line_height=\u00bb1.4em\u00bb custom_margin=\u00bb||0px||false|false\u00bb header_5_font_size_tablet=\u00bb15px\u00bb header_5_font_size_phone=\u00bb14px\u00bb header_5_font_size_last_edited=\u00bbon|desktop\u00bb global_colors_info=\u00bb{}\u00bb]<\/p>\n<h5>Reparaci\u00f3n de calentadores a gas y el\u00e9ctricos<br \/>\n<\/h5>\n<p>[\/et_pb_text][et_pb_text _builder_version=\u00bb4.19.0&#8243; _module_preset=\u00bb4c43b4b6-66bf-432d-959a-705bda24a650&#8243; text_font=\u00bbRaleway|500|||||||\u00bb text_text_color=\u00bb#0D232D\u00bb text_line_height=\u00bb1.65em\u00bb header_font_size_tablet=\u00bb55px\u00bb header_font_size_last_edited=\u00bboff|desktop\u00bb global_colors_info=\u00bb{}\u00bb]Somos especialistas en calentadores, ya sean de tiro natural o de tiro forzado, los calentadores requieren un mantenimiento peri\u00f3dico, por lo menos una vez al a\u00f1o, agende su mantenimiento con nosotros.[\/et_pb_text][et_pb_icon font_icon=\u00bb&#xe035;||divi||400&#8243; icon_color=\u00bb#000000&#8243; icon_width=\u00bb32px\u00bb align=\u00bbleft\u00bb _builder_version=\u00bb4.19.0&#8243; _module_preset=\u00bbdefault\u00bb custom_margin=\u00bb||10px||false|false\u00bb locked=\u00bboff\u00bb global_colors_info=\u00bb{}\u00bb][\/et_pb_icon][et_pb_text _builder_version=\u00bb4.19.0&#8243; _module_preset=\u00bb7d75fe7f-5727-495a-ac6e-57afccfd3533&#8243; header_5_font=\u00bbRoboto Condensed|700||on|||||\u00bb header_5_text_color=\u00bb#0d232d\u00bb header_5_font_size=\u00bb20px\u00bb header_5_line_height=\u00bb1.4em\u00bb custom_margin=\u00bb||0px||false|false\u00bb header_5_font_size_tablet=\u00bb15px\u00bb header_5_font_size_phone=\u00bb14px\u00bb header_5_font_size_last_edited=\u00bbon|desktop\u00bb global_colors_info=\u00bb{}\u00bb]<\/p>\n<h5>Reparaci\u00f3n de estufas, hornos a gas, chimeneas y calentadores<br \/>\n<\/h5>\n<p>[\/et_pb_text][et_pb_text _builder_version=\u00bb4.19.0&#8243; _module_preset=\u00bb4c43b4b6-66bf-432d-959a-705bda24a650&#8243; text_font=\u00bbRaleway|500|||||||\u00bb text_text_color=\u00bb#0D232D\u00bb text_line_height=\u00bb1.65em\u00bb header_font_size_tablet=\u00bb55px\u00bb header_font_size_last_edited=\u00bboff|desktop\u00bb locked=\u00bboff\u00bb global_colors_info=\u00bb{}\u00bb]Conocemos perfectamente toda la l\u00ednea de gasodom\u00e9sticos, por ello prestamos el servicio de mantenimiento y reparaci\u00f3n de este tipo de estufas y hornos.[\/et_pb_text][\/et_pb_column][\/et_pb_row][et_pb_row column_structure=\u00bb2_5,3_5&#8243; custom_padding_last_edited=\u00bbon|tablet\u00bb _builder_version=\u00bb4.17.6&#8243; _module_preset=\u00bbdefault\u00bb custom_padding_tablet=\u00bb||0px||false|false\u00bb custom_padding_phone=\u00bb||0px||false|false\u00bb global_colors_info=\u00bb{}\u00bb][et_pb_column type=\u00bb2_5&#8243; _builder_version=\u00bb4.17.4&#8243; _module_preset=\u00bbdefault\u00bb global_colors_info=\u00bb{}\u00bb][et_pb_image src=\u00bbhttp:\/\/biogasdelmeta.com\/wp-content\/uploads\/2022\/11\/biogas-del-llano-4.jpg\u00bb title_text=\u00bbbiogas del llano (4)\u00bb _builder_version=\u00bb4.19.0&#8243; _module_preset=\u00bbdefault\u00bb global_colors_info=\u00bb{}\u00bb][\/et_pb_image][\/et_pb_column][et_pb_column type=\u00bb3_5&#8243; _builder_version=\u00bb4.17.4&#8243; _module_preset=\u00bbdefault\u00bb global_colors_info=\u00bb{}\u00bb][et_pb_icon font_icon=\u00bb&#xf508;||fa||900&#8243; icon_color=\u00bb#000000&#8243; icon_width=\u00bb32px\u00bb align=\u00bbleft\u00bb _builder_version=\u00bb4.19.0&#8243; _module_preset=\u00bbdefault\u00bb custom_margin=\u00bb||10px||false|false\u00bb global_colors_info=\u00bb{}\u00bb][\/et_pb_icon][et_pb_text _builder_version=\u00bb4.19.0&#8243; _module_preset=\u00bb7d75fe7f-5727-495a-ac6e-57afccfd3533&#8243; header_5_font=\u00bbRoboto Condensed|700||on|||||\u00bb header_5_text_color=\u00bb#0d232d\u00bb header_5_font_size=\u00bb20px\u00bb header_5_line_height=\u00bb1.4em\u00bb custom_margin=\u00bb||0px||false|false\u00bb header_5_font_size_tablet=\u00bb15px\u00bb header_5_font_size_phone=\u00bb14px\u00bb header_5_font_size_last_edited=\u00bbon|desktop\u00bb global_colors_info=\u00bb{}\u00bb]<\/p>\n<h5>Personal calificado<br \/>\n<\/h5>\n<p>[\/et_pb_text][et_pb_text _builder_version=\u00bb4.19.0&#8243; _module_preset=\u00bb4c43b4b6-66bf-432d-959a-705bda24a650&#8243; text_font=\u00bbRaleway|500|||||||\u00bb text_text_color=\u00bb#0D232D\u00bb text_line_height=\u00bb1.65em\u00bb header_font_size_tablet=\u00bb55px\u00bb header_font_size_last_edited=\u00bboff|desktop\u00bb global_colors_info=\u00bb{}\u00bb]Todos nuestros t\u00e9cnicos se encuentran certificados para la instalaci\u00f3n, mantenimiento y reparaci\u00f3n de sus enseres dom\u00e9sticos.[\/et_pb_text][et_pb_icon font_icon=\u00bb&#xf2b5;||fa||900&#8243; icon_color=\u00bb#000000&#8243; icon_width=\u00bb32px\u00bb align=\u00bbleft\u00bb _builder_version=\u00bb4.19.0&#8243; _module_preset=\u00bbdefault\u00bb custom_margin=\u00bb||10px||false|false\u00bb locked=\u00bboff\u00bb global_colors_info=\u00bb{}\u00bb][\/et_pb_icon][et_pb_text _builder_version=\u00bb4.19.0&#8243; _module_preset=\u00bb7d75fe7f-5727-495a-ac6e-57afccfd3533&#8243; header_5_font=\u00bbRoboto Condensed|700||on|||||\u00bb header_5_text_color=\u00bb#0d232d\u00bb header_5_font_size=\u00bb20px\u00bb header_5_line_height=\u00bb1.4em\u00bb custom_margin=\u00bb||0px||false|false\u00bb header_5_font_size_tablet=\u00bb15px\u00bb header_5_font_size_phone=\u00bb14px\u00bb header_5_font_size_last_edited=\u00bbon|desktop\u00bb global_colors_info=\u00bb{}\u00bb]<\/p>\n<h5>Cumplimiento<br \/>\n<\/h5>\n<p>[\/et_pb_text][et_pb_text _builder_version=\u00bb4.19.0&#8243; _module_preset=\u00bb4c43b4b6-66bf-432d-959a-705bda24a650&#8243; text_font=\u00bbRaleway|500|||||||\u00bb text_text_color=\u00bb#0D232D\u00bb text_line_height=\u00bb1.65em\u00bb header_font_size_tablet=\u00bb55px\u00bb header_font_size_last_edited=\u00bboff|desktop\u00bb locked=\u00bboff\u00bb global_colors_info=\u00bb{}\u00bb]Nos caracterizamos por prestar un servicio de calidad y en tiempo r\u00e9cord , demostrando de esta manera un servicio eficiente para nuestros clientes.[\/et_pb_text][\/et_pb_column][\/et_pb_row][\/et_pb_section][et_pb_section fb_built=\u00bb1&#8243; admin_label=\u00bbCall to Action\u00bb _builder_version=\u00bb4.19.0&#8243; _module_preset=\u00bbdefault\u00bb background_color=\u00bb#FFFFFF\u00bb bottom_divider_color=\u00bbgcid-67db9d37-2522-483b-a172-2c8eed4ec9b9&#8243; locked=\u00bboff\u00bb collapsed=\u00bbon\u00bb global_colors_info=\u00bb{%22gcid-67db9d37-2522-483b-a172-2c8eed4ec9b9%22:%91%22bottom_divider_color%22%93}\u00bb][et_pb_row column_structure=\u00bb2_5,3_5&#8243; use_custom_gutter=\u00bbon\u00bb gutter_width=\u00bb1&#8243; _builder_version=\u00bb4.17.6&#8243; _module_preset=\u00bbdefault\u00bb global_colors_info=\u00bb{}\u00bb][et_pb_column type=\u00bb2_5&#8243; _builder_version=\u00bb4.17.6&#8243; _module_preset=\u00bbdefault\u00bb custom_padding=\u00bb8%|4%|4%||false|false\u00bb global_colors_info=\u00bb{}\u00bb][et_pb_text _builder_version=\u00bb4.19.0&#8243; _module_preset=\u00bbb327cbe4-b1d5-4b66-ad37-40c8f2f061ba\u00bb header_2_font=\u00bbAnton|||on|||||\u00bb header_2_text_color=\u00bb#0d232d\u00bb header_2_font_size=\u00bb70px\u00bb header_2_line_height=\u00bb1.15em\u00bb header_2_font_size_tablet=\u00bb32px\u00bb header_2_font_size_phone=\u00bb20px\u00bb header_2_font_size_last_edited=\u00bbon|phone\u00bb global_colors_info=\u00bb{}\u00bb]<\/p>\n<h2>servicio t\u00e9cnico<\/h2>\n<p>[\/et_pb_text][et_pb_button button_url=\u00bbhttps:\/\/api.whatsapp.com\/send?phone=573224624833&#8243; url_new_window=\u00bbon\u00bb button_text=\u00bbAGENDA TU CITA\u00bb button_alignment=\u00bbleft\u00bb _builder_version=\u00bb4.19.0&#8243; _module_preset=\u00bbdb46e67d-9505-40bb-9ebd-8901bc8b3a95&#8243; custom_button=\u00bbon\u00bb button_text_size=\u00bb16px\u00bb button_text_color=\u00bb#FFFFFF\u00bb button_bg_color=\u00bbgcid-67db9d37-2522-483b-a172-2c8eed4ec9b9&#8243; button_letter_spacing=\u00bb2.5px\u00bb button_font=\u00bbOpen Sans|700||on|||||\u00bb button_icon=\u00bb&#xf232;||fa||400&#8243; button_icon_color=\u00bbgcid-8a62ef5c-cd04-4f8e-9b74-ac85403899e7&#8243; button_icon_placement=\u00bbleft\u00bb button_on_hover=\u00bboff\u00bb transform_translate_linked=\u00bboff\u00bb custom_padding=\u00bb16px|24px|16px|24px|true|true\u00bb global_colors_info=\u00bb{%22gcid-67db9d37-2522-483b-a172-2c8eed4ec9b9%22:%91%22button_bg_color%22%93,%22gcid-8a62ef5c-cd04-4f8e-9b74-ac85403899e7%22:%91%22button_icon_color%22%93}\u00bb transform_styles__hover_enabled=\u00bbon|desktop\u00bb transform_scale__hover_enabled=\u00bbon|desktop\u00bb transform_translate__hover_enabled=\u00bbon|desktop\u00bb transform_rotate__hover_enabled=\u00bbon|desktop\u00bb transform_skew__hover_enabled=\u00bbon|desktop\u00bb transform_origin__hover_enabled=\u00bbon|desktop\u00bb transform_translate__hover=\u00bb0px|-25px\u00bb][\/et_pb_button][\/et_pb_column][et_pb_column type=\u00bb3_5&#8243; _builder_version=\u00bb4.17.6&#8243; _module_preset=\u00bbdefault\u00bb global_colors_info=\u00bb{}\u00bb][et_pb_image src=\u00bbhttp:\/\/biogasdelmeta.com\/wp-content\/uploads\/2022\/11\/biogas-del-llano-6.jpg\u00bb title_text=\u00bbbiogas del llano (1)\u00bb _builder_version=\u00bb4.19.0&#8243; _module_preset=\u00bbdefault\u00bb global_colors_info=\u00bb{}\u00bb src__hover_enabled=\u00bbon|hover\u00bb src__hover=\u00bbhttp:\/\/biogasdelmeta.com\/wp-content\/uploads\/2022\/11\/biogas-del-llano-1.jpg\u00bb][\/et_pb_image][\/et_pb_column][\/et_pb_row][\/et_pb_section]<\/p>\n","protected":false},"excerpt":{"rendered":"<p>Instaladores de gas natural autorizados<br \/>\nT\u00e9cnicos gas natural en Villavicencio<br \/>\nFirma instaladora de gas natural Villavicencio<br \/>\nInstalaciones y servicio t\u00e9cnico red de gas natural<br \/>\nInstaladores gas natural Villavicencio<br \/>\nEmpresa autorizada por gas natural Villavicencio<br \/>\nServicio t\u00e9cnico y reconexi\u00f3n gas natural<br \/>\nT\u00e9cnicos gas domiciliario Villavicencio.<br \/>\nTramites y papeler\u00eda ante gas natural<br \/>\nEmpresas autorizadas gas natural<br \/>\nRevisi\u00f3n de gas natural domiciliario<br \/>\nServicios e inspecci\u00f3n gas natural<br \/>\nCita para revisi\u00f3n de gas natural<br \/>\nMantenimiento para Gasodom\u00e9sticos<br \/>\nRevisi\u00f3n y mantenimiento para calentadores<br \/>\nReparaci\u00f3n de fugas<br \/>\nAumento de caudal de gas natural<br \/>\nCambio de acometidas<br \/>\nPuntos adicionales gas natural<\/p>\n","protected":false},"author":1,"featured_media":45,"parent":0,"menu_order":0,"comment_status":"closed","ping_status":"closed","template":"","meta":{"_et_pb_use_builder":"on","_et_pb_old_content":"","_et_gb_content_width":"","footnotes":""},"_links":{"self":[{"href":"https:\/\/biogasdelmeta.com\/index.php\/wp-json\/wp\/v2\/pages\/11"}],"collection":[{"href":"https:\/\/biogasdelmeta.com\/index.php\/wp-json\/wp\/v2\/pages"}],"about":[{"href":"https:\/\/biogasdelmeta.com\/index.php\/wp-json\/wp\/v2\/types\/page"}],"author":[{"embeddable":true,"href":"https:\/\/biogasdelmeta.com\/index.php\/wp-json\/wp\/v2\/users\/1"}],"replies":[{"embeddable":true,"href":"https:\/\/biogasdelmeta.com\/index.php\/wp-json\/wp\/v2\/comments?post=11"}],"version-history":[{"count":40,"href":"https:\/\/biogasdelmeta.com\/index.php\/wp-json\/wp\/v2\/pages\/11\/revisions"}],"predecessor-version":[{"id":122,"href":"https:\/\/biogasdelmeta.com\/index.php\/wp-json\/wp\/v2\/pages\/11\/revisions\/122"}],"wp:featuredmedia":[{"embeddable":true,"href":"https:\/\/biogasdelmeta.com\/index.php\/wp-json\/wp\/v2\/media\/45"}],"wp:attachment":[{"href":"https:\/\/biogasdelmeta.com\/index.php\/wp-json\/wp\/v2\/media?parent=11"}],"curies":[{"name":"wp","href":"https:\/\/api.w.org\/{rel}","templated":true}]}}